{"id":367,"date":"2022-03-18T11:45:20","date_gmt":"2022-03-18T10:45:20","guid":{"rendered":"https:\/\/dupleixhotel.com\/legal-notice\/"},"modified":"2023-07-03T16:55:12","modified_gmt":"2023-07-03T14:55:12","slug":"legal-notice","status":"publish","type":"page","link":"https:\/\/dupleixhotel.com\/en\/legal-notice\/","title":{"rendered":"Legal Notice"},"content":{"rendered":"\t\t<div data-elementor-type=\"wp-page\" data-elementor-id=\"367\" class=\"elementor elementor-367 elementor-266\">\n\t\t\t\t\t\t<section class=\"elementor-section elementor-top-section elementor-element elementor-element-04047d9 elementor-section-boxed elementor-section-height-default elementor-section-height-default\" data-id=\"04047d9\" data-element_type=\"section\" data-e-type=\"section\">\n\t\t\t\t\t\t<div class=\"elementor-container elementor-column-gap-default\">\n\t\t\t\t\t<div class=\"elementor-column elementor-col-100 elementor-top-column elementor-element elementor-element-5fc3521\" data-id=\"5fc3521\" data-element_type=\"column\" data-e-type=\"column\">\n\t\t\t<div class=\"elementor-widget-wrap elementor-element-populated\">\n\t\t\t\t\t\t<div class=\"elementor-element elementor-element-0064160 elementor-widget elementor-widget-heading\" data-id=\"0064160\" data-element_type=\"widget\" data-e-type=\"widget\" data-widget_type=\"heading.default\">\n\t\t\t\t<div class=\"elementor-widget-container\">\n\t\t\t\t\t<h2 class=\"elementor-heading-title elementor-size-default\">Legal Notice - Dupleix Hotel<\/h2>\t\t\t\t<\/div>\n\t\t\t\t<\/div>\n\t\t\t\t<div class=\"elementor-element elementor-element-ac82349 elementor-widget elementor-widget-heading\" data-id=\"ac82349\" data-element_type=\"widget\" data-e-type=\"widget\" data-widget_type=\"heading.default\">\n\t\t\t\t<div class=\"elementor-widget-container\">\n\t\t\t\t\t<h2 class=\"elementor-heading-title elementor-size-default\">EDITOR<\/h2>\t\t\t\t<\/div>\n\t\t\t\t<\/div>\n\t\t\t\t<div class=\"elementor-element elementor-element-7b8490e elementor-widget elementor-widget-text-editor\" data-id=\"7b8490e\" data-element_type=\"widget\" data-e-type=\"widget\" data-widget_type=\"text-editor.default\">\n\t\t\t\t<div class=\"elementor-widget-container\">\n\t\t\t\t\t\t\t\t\t<p data-cms-69456614fc55cb365e=\"\">Headquarters: DUPLEIX HOTEL<br \/>Adress : 4 rue de Lourmel, 75015 PARIS<br \/>T\u00e9l : +33 (0)9 52 93 68 91<br \/>Courriel : dupleixhotel@gmail.com<\/p>\n<p data-cms-69728614fc55cb36c2=\"\">S.A.R.L. au capital de 9146.94\u20ac <br \/>RCS 622 051 456 \u2013 TVA FR92622051456<\/p>\n\t\t\t\t\t\t\t\t<\/div>\n\t\t\t\t<\/div>\n\t\t\t\t<div class=\"elementor-element elementor-element-6db8863 elementor-widget elementor-widget-heading\" data-id=\"6db8863\" data-element_type=\"widget\" data-e-type=\"widget\" data-widget_type=\"heading.default\">\n\t\t\t\t<div class=\"elementor-widget-container\">\n\t\t\t\t\t<h2 class=\"elementor-heading-title elementor-size-default\">HOSTING<\/h2>\t\t\t\t<\/div>\n\t\t\t\t<\/div>\n\t\t\t\t<div class=\"elementor-element elementor-element-92830b8 elementor-widget elementor-widget-text-editor\" data-id=\"92830b8\" data-element_type=\"widget\" data-e-type=\"widget\" data-widget_type=\"text-editor.default\">\n\t\t\t\t<div class=\"elementor-widget-container\">\n\t\t\t\t\t\t\t\t\t<p>OVH \u2013 Soci\u00e9t\u00e9 \u00e0 Responsabilit\u00e9 Limit\u00e9e (SARL)<br \/>SIRET : 424 761 419 00011<br \/>Adresse : 2 rue Kellermann \u2013 59100 Roubaix \u2013 France.<br \/>Site designs: <a href=\"https:\/\/sitea.fr\" target=\"_blank\" rel=\"noopener\">sitea.fr<\/a><\/p>\n<p>The site presents:<\/p>\n<p>informative content<\/p>\n<p>Data Protection Act:<\/p>\n<p>The site is exempt from declaration to the Commission Nationale Informatique et Libert\u00e9s (CNIL) insofar as it does not collect any data concerning users.<\/p>\n<p>Ownership: The site and the information it contains are protected by French intellectual property law and by international conventions.<\/p>\n<p>Any use, reproduction, distribution, marketing, modification of all or part of the paris-hotel-des-nations-st-germain.com site without the Publisher&#8217;s authorization is prohibited and may result in legal action and prosecution as provided for in particular. by the Intellectual Property Code and the Civil Code.<\/p>\n<p>The User is informed that during his visits to the site, a cookie may be automatically installed on his navigation software.<\/p>\n<p>Passer directement au contenu principalAide sur l&#8217;accessibilit\u00e9 Commentaires sur l&#8217;accessibilit\u00e9 Google google tra Recherche avec l&#8217;appareil photo Tous ImagesShoppingActualit\u00e9sVid\u00e9osPlus Outils Environ 1 750 000 000 r\u00e9sultats (0,44 secondes) Fran\u00e7ais Anglais Un cookie est un \u00e9l\u00e9ment qui ne permet pas d\u2019identifier l\u2019Utilisateur mais sert \u00e0 enregistrer des informations relatives \u00e0 la navigation de celui-ci sur le site Internet. A cookie is an element that does not identify the User but is used to record information relating to his browsing on the website. Ouvrir dans Google Traduction \u2022 Commentaires Google Traductionhttps:\/\/translate.google.fr \u203a &#8230; Le service sans frais de Google traduit instantan\u00e9ment des mots, des expressions et des pages Web entre le fran\u00e7ais et plus de 100 autres langues. Autres questions pos\u00e9es Comment obtenir Google Traduction ? Comment t\u00e9l\u00e9charger l&#8217;application Google Traduction ? Comment prendre en photo un texte sur Google Traduction ? Comment utiliser Translate google com ? Commentaires T\u00e9l\u00e9charger et utiliser Google Traduction &#8211; Androidhttps:\/\/support.google.com \u203a translate \u203a answer Aide Google Translate &#8230; Pour commencer, t\u00e9l\u00e9chargez l&#8217;application Google Traduction pour Android. &#8230; \u00c9tape 2 : Configurez Google Traduction. Google Traduction \u2013 Applications sur Google Playhttps:\/\/play.google.com \u203a store \u203a apps \u203a details \u203a id=co&#8230; Traduction de texte : traduisez dans 108 langues en saisissant du texte \u2022 Appuyez pour traduire : copiez du texte dans une application, puis appuyez sur &#8230; Note : 4,4 \u00b7 \u200e8 579 511 votes \u00b7 \u200eGratuit \u00b7 \u200eAndroid \u00b7 \u200eUtilitaires\/Outils Google Traduction dans l&#8217;App Storehttps:\/\/apps.apple.com \u203a app \u203a google-traduction Cette app est disponible dans l&#8217;App Store uniquement pour iPhone et iPad. Google Traduction 4+. Traducteur de texte et photos. Google &#8230; Note : 4,2 \u00b7 \u200e7 776 avis \u00b7 \u200eGratuit \u00b7 \u200eiOS Google Traductionhttps:\/\/chrome.google.com \u203a detail \u203a google-translate 9 mars 2022 \u2014 Par l&#8217;\u00e9quipe Google Traduction. This extension adds a button to your browser toolbar. Click the translate icon whenever you want to &#8230; Google Traduction &#8211; Wikip\u00e9diahttps:\/\/fr.wikipedia.org \u203a wiki \u203a Google_Traduction Google Traduction (anglais : Google Translate) est un service de traduction automatique gratuit fourni par Google. Sommaire. Google Translate : Guide Complet Du Traducteur Multilinguehttps:\/\/www.twaino.com \u203a blog \u203a marketing \u203a google-tr&#8230; Google Translate est un outil gratuit mis au point par Google qui permet de traduire des textes, des documents et parfois des sites Web d&#8217;une langue vers &#8230; T\u00e9l\u00e9charger gratuitement Google Traduction sur Futurahttps:\/\/www.futura-sciences.com \u203a T\u00e9l\u00e9chargements il y a 7 jours \u2014 Gr\u00e2ce \u00e0 Google Traduction (Google Translate) vous allez pouvoir traduire le texte de votre choix dans l&#8217;une des centaines de langues &#8230; Note : 4,2 \u00b7 \u200e8 587 336 votes \u00b7 \u200eGratuit \u00b7 \u200eCommunication Google Traduction : les astuces indispensables pour mieux &#8230;https:\/\/www.phonandroid.com \u203a google-traduction-astu&#8230; 31 mai 2018 \u2014 Traduire des extraits ou documents. Google translate clavier. Certains s&#8217;en souviendront, les premiers traducteurs \u00e9lectroniques grand public n&#8217; &#8230; Google translate &#8211; Traduction fran\u00e7aise &#8211; Lingueehttps:\/\/www.linguee.fr \u203a anglais-francais \u203a google+trans&#8230; De tr\u00e8s nombreux exemples de phrases traduites contenant &#8220;Google translate&#8221; \u2013 Dictionnaire fran\u00e7ais-anglais et moteur de recherche de traductions &#8230; Recherches associ\u00e9es google traduction google translate app google translate live google traduction \u00e9couter traduire google traduction photo google translate english google translate apk 1 2 3 4 5 6 7 8 9 10 Suivant Google Traduction Site web Google Traduction est un service de traduction automatique gratuit fourni par Google. Wikip\u00e9dia Date de lancement : 28 avril 2006 Langue : 109 langues Description : Service de traduction Inscription : Facultative Adresse : translate.google.fr Propri\u00e9taire : Google Recherches associ\u00e9es Voir d&#8217;autres \u00e9l\u00e9ments (plus de 10) WhatsApp WhatsApp Gmail Gmail Reverso Reverso Grammarly Grammarly Signaler un probl\u00e8me France Paris 17e Arrondissement, Paris &#8211; D&#8217;apr\u00e8s votre adresse IP &#8211; Mettre \u00e0 jour ma position AideEnvoyer des commentairesConfidentialit\u00e9ConditionsInfo consommateursSignaler un contenu inappropri\u00e9 The User may deactivate this cookie via the parameters appearing in his browser software.<\/p>\n<p>After contacting Customer Service and failing a satisfactory response within 30 days, the customer can contact the Tourism and Travel Mediator, whose contact details and referral methods are available on his website: <a href=\"https:\/\/www.mtv.travel\/\" target=\"_blank\" rel=\"noopener\">www.mtv.travel<\/a><\/p>\n<p>To stop receiving unsolicited commercial telephone calls, you can subscribe to the Bloctel list: <a href=\"https:\/\/www.bloctel.gouv.fr\/\" target=\"_blank\" rel=\"noopener\">https:\/\/www.bloctel.gouv.fr\/<\/a><\/p>\n\t\t\t\t\t\t\t\t<\/div>\n\t\t\t\t<\/div>\n\t\t\t\t\t<\/div>\n\t\t<\/div>\n\t\t\t\t\t<\/div>\n\t\t<\/section>\n\t\t\t\t<\/div>\n\t\t","protected":false},"excerpt":{"rendered":"<p>Legal Notice &#8211; Dupleix Hotel EDITOR Headquarters: DUPLEIX HOTELAdress : 4 rue de Lourmel, 75015 PARIST\u00e9l : +33 (0)9 52 93 68 91Courriel : dupleixhotel@gmail.com S.A.R.L. au capital de 9146.94\u20ac RCS 622 051 456 \u2013 TVA FR92622051456 HOSTING OVH \u2013 Soci\u00e9t\u00e9 \u00e0 Responsabilit\u00e9 Limit\u00e9e (SARL)SIRET : 424 761 419 00011Adresse : 2 rue Kellermann \u2013&hellip;&nbsp;<a href=\"https:\/\/dupleixhotel.com\/en\/legal-notice\/\" rel=\"bookmark\">Read More &raquo;<span class=\"screen-reader-text\">Legal Notice<\/span><\/a><\/p>\n","protected":false},"author":1,"featured_media":0,"parent":0,"menu_order":0,"comment_status":"closed","ping_status":"closed","template":"page-templates\/template-pagebuilder-full-width.php","meta":{"neve_meta_sidebar":"","neve_meta_container":"","neve_meta_enable_content_width":"","neve_meta_content_width":0,"neve_meta_title_alignment":"","neve_meta_author_avatar":"","neve_post_elements_order":"","neve_meta_disable_header":"","neve_meta_disable_footer":"","neve_meta_disable_title":"","footnotes":""},"class_list":["post-367","page","type-page","status-publish","hentry"],"_links":{"self":[{"href":"https:\/\/dupleixhotel.com\/en\/wp-json\/wp\/v2\/pages\/367","targetHints":{"allow":["GET"]}}],"collection":[{"href":"https:\/\/dupleixhotel.com\/en\/wp-json\/wp\/v2\/pages"}],"about":[{"href":"https:\/\/dupleixhotel.com\/en\/wp-json\/wp\/v2\/types\/page"}],"author":[{"embeddable":true,"href":"https:\/\/dupleixhotel.com\/en\/wp-json\/wp\/v2\/users\/1"}],"replies":[{"embeddable":true,"href":"https:\/\/dupleixhotel.com\/en\/wp-json\/wp\/v2\/comments?post=367"}],"version-history":[{"count":7,"href":"https:\/\/dupleixhotel.com\/en\/wp-json\/wp\/v2\/pages\/367\/revisions"}],"predecessor-version":[{"id":388,"href":"https:\/\/dupleixhotel.com\/en\/wp-json\/wp\/v2\/pages\/367\/revisions\/388"}],"wp:attachment":[{"href":"https:\/\/dupleixhotel.com\/en\/wp-json\/wp\/v2\/media?parent=367"}],"curies":[{"name":"wp","href":"https:\/\/api.w.org\/{rel}","templated":true}]}}